{"id":25,"date":"2019-07-07T14:10:37","date_gmt":"2019-07-07T14:10:37","guid":{"rendered":"http:\/\/www.fotvardvaxjo.se\/index.php\/home\/"},"modified":"2026-03-23T08:53:34","modified_gmt":"2026-03-23T08:53:34","slug":"glada-fotter","status":"publish","type":"page","link":"https:\/\/www.fotvardvaxjo.se\/","title":{"rendered":"Glada f\u00f6tter"},"content":{"rendered":"<h1>\n<p>V\u00e4lkommen till Glada F\u00f6tter<br class=\"uk-visible@s\"> &#8211; fotv\u00e5rd i V\u00e4xj\u00f6<\/p>\n<\/h1>\n<div>\n<p>F\u00f6r dig som har n\u00e5gon form av fotproblem eller vill unna dig en avkopplande behandling i min lantliga milj\u00f6 i Tofta, strax utanf\u00f6r V\u00e4xj\u00f6. L\u00e5ngt fr\u00e5n stadsstressen.<\/p>\n<p>V\u00e4lkommen! \/Sara<\/p>\n<\/div>\n<h1>\n<p>V\u00e4lkommen till Glada F\u00f6tter<br class=\"uk-visible@s\"> &#8211; fotv\u00e5rd i V\u00e4xj\u00f6<\/p>\n<\/h1>\n<div>\n<p>F\u00f6r dig som har n\u00e5gon form av fotproblem eller vill unna dig en avkopplande behandling i min lantliga milj\u00f6 i Tofta, strax utanf\u00f6r V\u00e4xj\u00f6. L\u00e5ngt fr\u00e5n stadsstressen.<\/p>\n<p>V\u00e4lkommen! \/Sara<\/p>\n<\/div>\n<p><img decoding=\"async\" src=\"\/wp-content\/uploads\/detaljbild2.jpg\" alt=\"\"><\/p>\n<h2>Behandlingar<\/h2>\n<ul>\n<li>\n<h3>Fotv\u00e5rdsbehandling 1-1,5h<\/h3>\n<p>590 kr<\/p>\n<div>\n<p>Fotstatus, fotbad, rensning, klippning och slipning av naglar. Behandling av liktorn, v\u00e5rtor, f\u00f6rh\u00e5rdnader och h\u00e4lsprickor. Avslutas med avkopplande fotv\u00e5rdsmassage.<\/p>\n<\/div>\n<\/li>\n<li>\n<h3>Fot- &#038; underbensmassage<\/h3>\n<p>450 kr<\/p>\n<\/li>\n<li>\n<h3>Delbehandling<\/h3>\n<p>300 kr<\/p>\n<div>\n<p>En kortare behandling som behandlar det aktuella problemet.<\/p>\n<\/div>\n<\/li>\n<\/ul>\n<p><img decoding=\"async\" src=\"\/wp-content\/uploads\/detalj_produkt.jpg\" alt=\"\"><br \/>\n<img decoding=\"async\" src=\"\/wp-content\/uploads\/detaljbild.jpg\" alt=\"\"><\/p>\n<div>\n<p>&#8211; Sara Robertsson<\/p>\n<div>\n<blockquote>\n<p>Jag f\u00f6rs\u00f6ker alltid ge det lilla extra med mina behandlingar. Slipp stadsstressen och ta dig ut till en personlig och lantlig milj\u00f6 i Tofta.<\/p>\n<\/blockquote>\n<\/div>\n<p><a href=\"#\"><\/a><\/p>\n<\/div>\n<h3>F\u00f6r tidsbokning ring 070-382 58 08<\/h3>\n<h5>F\u00f6tterna \u00e4r n\u00e5got du ska vara stolt \u00f6ver och ta v\u00e4l hand om.<\/h5>\n<h2>Presentkort<\/h2>\n<div>\n<p>\u00d6verraska n\u00e5gon du tycker om med ett presentkort.<\/p>\n<p>Perfekt till mors- eller farsdag, f\u00f6delsedagar, student, julklappar, alla hj\u00e4rtans dag eller n\u00e4r du bara vill unna en v\u00e4n n\u00e5got extra.<\/p>\n<\/div>\n<p><img decoding=\"async\" src=\"\/wp-content\/uploads\/presentkort.jpg\" alt=\"\"><br \/>\n<img decoding=\"async\" src=\"\/wp-content\/uploads\/2019-05-02-07.05.56.jpg\" alt=\"\"><\/p>\n<div>\n<p><strong>Hitta hit &#8211; V\u00e4gbeskrivning<br \/><\/strong>Fr\u00e5n V\u00e4xj\u00f6: K\u00f6r f\u00f6rbi Sandsbro. I rondellen vid Toftastrand\/Villavik k\u00f6r ca 2km mot \u00c5seda\/Link\u00f6ping v\u00e4g 23. Sv\u00e4ng h\u00f6ger mot Sj\u00f6g\u00e5rd, k\u00f6r f\u00f6rbi postl\u00e5dorna, gult hus med vita knutar p\u00e5 h\u00f6ger sida (nr 11).\u00a0<\/p>\n<\/div>\n<p>\n    <a href=\"https:\/\/www.google.com\/maps\/place\/SJ%C3%96G%C3%85RDSV%C3%84GEN+11,+355+92+V%C3%A4xj%C3%B6\/@56.934012,14.803539,12z\/data=!4m5!3m4!1s0x465723323069d707:0xc772154539cd0cb8!8m2!3d56.9340026!4d14.8735771\">Karta via Google<\/a>\n<\/p>\n<p><a href=\"https:\/\/www.dabdental.se\/\"><img decoding=\"async\" src=\"\/wp-content\/uploads\/gladafotter.png\" alt=\"\"><\/a><br \/>\n<img decoding=\"async\" src=\"\/wp-content\/uploads\/sara.jpg\" alt=\"\"><\/p>\n<div>\n<p><strong>Sara Robertsson<\/strong><br \/>Dipl. Medicinsk Fotterapeut<\/p>\n<p>Sj\u00f6g\u00e5rdsv\u00e4gen 11, 35592 V\u00e4xj\u00f6<br \/>Tidsbokning 070-3825808<br \/><a href=\"mailto:sara@fotvardvaxjo.se\">sara@fotvardvaxjo.se<\/a><br \/><a href=\"https:\/\/www.instagram.com\/fotvardvaxjo\" target=\"_blank\" rel=\"noopener\">@fotvardvaxjo.se<\/a><\/p>\n<\/div>\n<h4>V\u00e4lkommen!<\/h4>\n<div>\n<p><a style=\"text-decoration: none; font-size: 0.8em; color: #999;\" href=\"https:\/\/www.digitaltvisitkort.se\" target=\"_blank\" rel=\"noopener\">Digitalt visitkort &#8211; en tj\u00e4nst producerad av Odd<\/a><\/p>\n<\/div>\n<p><!--more--><br \/>\n<!-- {\"type\":\"layout\",\"children\":[{\"name\":\"Hero\",\"type\":\"section\",\"props\":{\"class\":\"deskOnly\",\"header_transparent\":\"light\",\"image\":\"wp-content\\\/uploads\\\/2019-05-02-08.44.39.jpg\",\"image_position\":\"center-center\",\"image_size\":\"cover\",\"image_width\":\"2560\",\"padding\":\"xlarge\",\"style\":\"default\",\"text_color\":\"light\",\"title_breakpoint\":\"xl\",\"title_position\":\"top-left\",\"title_rotation\":\"left\",\"vertical_align\":\"middle\",\"width\":\"expand\"},\"children\":[{\"name\":\"\",\"type\":\"row\",\"props\":{\"height\":\"percent\"},\"children\":[{\"name\":\"\",\"type\":\"column\",\"props\":{\"image_position\":\"center-center\",\"media_overlay_gradient\":\"\",\"position_sticky_breakpoint\":\"m\",\"vertical_align\":\"bottom\",\"width_medium\":\"1-1\"},\"children\":[{\"name\":\"\",\"type\":\"headline\",\"props\":{\"content\":\"\n\n<p>V\\u00e4lkommen till Glada F\\u00f6tter<br class=\\\"uk-visible@s\\\"> - fotv\\u00e5rd i V\\u00e4xj\\u00f6<\\\/p>\",\"css\":\".el-element {text-shadow: 1px 1px 3px rgba(0,0,0, 0.6);}\",\"margin_remove_top\":false,\"maxwidth\":\"2xlarge\",\"text_align\":\"left\",\"title_element\":\"h1\",\"title_style\":\"heading-medium\"}},{\"type\":\"text\",\"props\":{\"column_breakpoint\":\"m\",\"content\":\"\n\n<p>F\\u00f6r dig som har n\\u00e5gon form av fotproblem eller vill unna dig en avkopplande behandling i min lantliga milj\\u00f6 i Tofta, strax utanf\\u00f6r V\\u00e4xj\\u00f6. L\\u00e5ngt fr\\u00e5n stadsstressen.<\\\/p>\\n\n\n<p>V\\u00e4lkommen! \\\/Sara<\\\/p>\",\"css\":\".el-element {text-shadow: 1px 1px 3px rgba(0,0,0, 0.6);}\",\"margin\":\"default\",\"maxwidth\":\"xlarge\",\"text_color\":\"primary\",\"text_style\":\"large\"}}]}]}]},{\"name\":\"Hero\",\"type\":\"section\",\"props\":{\"class\":\"mobOnly\",\"header_transparent\":\"light\",\"height\":\"full\",\"image\":\"wp-content\\\/uploads\\\/2019-05-02-08.44.39.jpg\",\"image_position\":\"center-center\",\"image_size\":\"cover\",\"image_width\":\"2560\",\"padding\":\"xlarge\",\"style\":\"default\",\"text_color\":\"dark\",\"title_breakpoint\":\"xl\",\"title_position\":\"top-left\",\"title_rotation\":\"left\",\"vertical_align\":\"middle\",\"width\":\"large\"},\"children\":[{\"name\":\"\",\"type\":\"row\",\"props\":{\"height\":\"percent\"},\"children\":[{\"name\":\"\",\"type\":\"column\",\"props\":{\"image_position\":\"center-center\",\"media_overlay_gradient\":\"\",\"position_sticky_breakpoint\":\"m\",\"vertical_align\":\"bottom\",\"width_medium\":\"1-1\"},\"children\":[{\"name\":\"\",\"type\":\"headline\",\"props\":{\"content\":\"\n\n<p>V\\u00e4lkommen till Glada F\\u00f6tter<br class=\\\"uk-visible@s\\\"> - fotv\\u00e5rd i V\\u00e4xj\\u00f6<\\\/p>\",\"margin_remove_top\":false,\"maxwidth\":\"2xlarge\",\"text_align\":\"left\",\"title_element\":\"h1\",\"title_style\":\"heading-medium\"}},{\"type\":\"text\",\"props\":{\"column_breakpoint\":\"m\",\"content\":\"\n\n<p>F\\u00f6r dig som har n\\u00e5gon form av fotproblem eller vill unna dig en avkopplande behandling i min lantliga milj\\u00f6 i Tofta, strax utanf\\u00f6r V\\u00e4xj\\u00f6. L\\u00e5ngt fr\\u00e5n stadsstressen.<\\\/p>\\n\n\n<p>V\\u00e4lkommen! \\\/Sara<\\\/p>\",\"margin\":\"default\",\"maxwidth\":\"large\"}}]}]}]},{\"name\":\"Behandlingar\",\"type\":\"section\",\"props\":{\"image\":\"wp-content\\\/uploads\\\/bg_orkide4.jpg\",\"image_position\":\"top-left\",\"image_width\":\"1000\",\"media_visibility\":\"s\",\"padding\":\"large\",\"style\":\"default\",\"title\":\"Authentic Tradition\",\"title_breakpoint\":\"xl\",\"title_position\":\"center-right\",\"title_rotation\":\"left\",\"vertical_align\":\"middle\",\"width\":\"large\"},\"children\":[{\"name\":\"\",\"type\":\"row\",\"props\":{\"column_gap\":\"large\",\"layout\":\"1-2,1-2\",\"row_gap\":\"large\",\"vertical_align\":true},\"children\":[{\"name\":\"\",\"type\":\"column\",\"props\":{\"image_position\":\"center-center\",\"media_overlay_gradient\":\"\",\"position_sticky_breakpoint\":\"m\",\"vertical_align\":\"middle\",\"width_small\":\"1-2\"},\"children\":[]},{\"name\":\"\",\"type\":\"column\",\"props\":{\"image_position\":\"center-center\",\"media_overlay_gradient\":\"\",\"position_sticky_breakpoint\":\"m\",\"vertical_align\":\"middle\",\"width_small\":\"1-2\"},\"children\":[{\"name\":\"\",\"type\":\"image\",\"props\":{\"image\":\"wp-content\\\/uploads\\\/detaljbild2.jpg\",\"image_box_decoration\":\"primary\",\"image_svg_color\":\"emphasis\",\"image_width\":\"650\",\"margin\":\"default\"}}]}]},{\"name\":\"\",\"type\":\"row\",\"props\":{\"column_gap\":\"large\",\"layout\":\"1-2,1-2\",\"row_gap\":\"large\",\"vertical_align\":false},\"children\":[{\"name\":\"\",\"type\":\"column\",\"props\":{\"image_position\":\"center-center\",\"media_overlay_gradient\":\"\",\"position_sticky_breakpoint\":\"m\",\"width_small\":\"1-2\"},\"children\":[{\"name\":\"\",\"type\":\"headline\",\"props\":{\"content\":\"Behandlingar\",\"maxwidth\":\"medium\",\"maxwidth_breakpoint\":\"s\",\"text_align\":\"left\",\"text_align_breakpoint\":\"s\",\"text_align_fallback\":\"center\",\"title_element\":\"h2\",\"title_style\":\"h2\"}},{\"type\":\"description_list\",\"props\":{\"animation\":\"slide-right-medium\",\"column_breakpoint\":\"m\",\"content_style\":\"text-meta\",\"layout\":\"grid-2-m\",\"list_element\":\"ul\",\"list_size\":\"large\",\"maxwidth\":\"xlarge\",\"maxwidth_breakpoint\":\"m\",\"meta_align\":\"below-content\",\"meta_style\":\"h5\",\"show_content\":true,\"show_link\":true,\"show_meta\":true,\"show_title\":true,\"title_element\":\"div\",\"title_grid_breakpoint\":\"\",\"title_grid_column_gap\":\"small\",\"title_grid_row_gap\":\"small\",\"title_grid_width\":\"expand\",\"title_leader\":true},\"children\":[{\"type\":\"description_list_item\",\"props\":{\"content\":\"\n\n<p>Fotstatus, fotbad, rensning, klippning och slipning av naglar. Behandling av liktorn, v\\u00e5rtor, f\\u00f6rh\\u00e5rdnader och h\\u00e4lsprickor. Avslutas med avkopplande fotv\\u00e5rdsmassage.<\\\/p>\",\"meta\":\"590 kr\",\"title\":\"Fotv\\u00e5rdsbehandling 1-1,5h\"}},{\"type\":\"description_list_item\",\"props\":{\"meta\":\"450 kr\",\"title\":\"Fot- & underbensmassage\"}},{\"type\":\"description_list_item\",\"props\":{\"content\":\"\n\n<p>En kortare behandling som behandlar det aktuella problemet.<\\\/p>\",\"meta\":\"300 kr\",\"title\":\"Delbehandling\"}}]},{\"name\":\"\",\"type\":\"image\",\"props\":{\"image\":\"wp-content\\\/uploads\\\/detalj_produkt.jpg\",\"image_svg_color\":\"emphasis\",\"image_width\":\"650\",\"margin\":\"large\"}}]},{\"name\":\"\",\"type\":\"column\",\"props\":{\"image_position\":\"center-center\",\"media_overlay_gradient\":\"\",\"order_first\":\"s\",\"position_sticky_breakpoint\":\"m\",\"width_small\":\"1-2\"},\"children\":[{\"name\":\"\",\"type\":\"image\",\"props\":{\"image\":\"wp-content\\\/uploads\\\/detaljbild.jpg\",\"image_svg_color\":\"emphasis\",\"image_width\":\"650\",\"margin\":\"large\"}},{\"name\":\"\",\"type\":\"panel\",\"props\":{\"block_align\":\"right\",\"content\":\"\n\n<blockquote>\\n\n\n<p>Jag f\\u00f6rs\\u00f6ker alltid ge det lilla extra med mina behandlingar. Slipp stadsstressen och ta dig ut till en personlig och lantlig milj\\u00f6 i Tofta.<\\\/p>\\n<\\\/blockquote>\",\"content_column_breakpoint\":\"m\",\"icon\":\"\",\"icon_width\":80,\"image_align\":\"top\",\"image_grid_breakpoint\":\"m\",\"image_grid_width\":\"1-2\",\"image_link\":true,\"image_svg_color\":\"emphasis\",\"link\":\"#\",\"link_style\":\"default\",\"link_text\":\"\",\"margin\":\"default\",\"maxwidth\":\"medium\",\"maxwidth_breakpoint\":\"m\",\"meta\":\"- Sara Robertsson\",\"meta_align\":\"below-content\",\"meta_element\":\"div\",\"meta_style\":\"text-meta\",\"panel_padding\":\"large\",\"panel_style\":\"card-primary\",\"text_align\":\"center\",\"title\":\"\",\"title_align\":\"top\",\"title_element\":\"h2\",\"title_grid_breakpoint\":\"m\",\"title_grid_width\":\"1-2\",\"title_hover_style\":\"reset\",\"title_link\":true}}]}]}]},{\"type\":\"section\",\"props\":{\"image_position\":\"center-center\",\"style\":\"primary\",\"title_breakpoint\":\"xl\",\"title_position\":\"top-left\",\"title_rotation\":\"left\",\"vertical_align\":\"middle\",\"width\":\"large\"},\"children\":[{\"type\":\"row\",\"children\":[{\"type\":\"column\",\"props\":{\"image_position\":\"center-center\",\"media_overlay_gradient\":\"\",\"position_sticky_breakpoint\":\"m\",\"width_medium\":\"1-1\"},\"children\":[{\"type\":\"headline\",\"props\":{\"content\":\"F\\u00f6r tidsbokning ring 070-382 58 08\",\"margin_remove_bottom\":true,\"margin_remove_top\":true,\"text_align\":\"center\",\"title_element\":\"h3\",\"title_style\":\"h3\"}},{\"type\":\"headline\",\"props\":{\"content\":\"F\\u00f6tterna \\u00e4r n\\u00e5got du ska vara stolt \\u00f6ver och ta v\\u00e4l hand om.\",\"margin\":\"small\",\"margin_remove_bottom\":false,\"margin_remove_top\":false,\"text_align\":\"center\",\"title_element\":\"h5\"}}]}]}],\"name\":\"Tidsbokning\"},{\"type\":\"section\",\"props\":{\"image\":\"wp-content\\\/uploads\\\/bg_orkide5.jpg\",\"image_position\":\"bottom-right\",\"image_width\":\"1200\",\"media_visibility\":\"s\",\"style\":\"default\",\"title_breakpoint\":\"xl\",\"title_position\":\"top-left\",\"title_rotation\":\"left\",\"vertical_align\":\"middle\",\"width\":\"large\"},\"children\":[{\"type\":\"row\",\"props\":{\"layout\":\"1-2,1-2\"},\"children\":[{\"type\":\"column\",\"props\":{\"image_position\":\"center-center\",\"media_overlay_gradient\":\"\",\"position_sticky_breakpoint\":\"m\",\"width_medium\":\"1-2\"},\"children\":[{\"name\":\"\",\"type\":\"headline\",\"props\":{\"content\":\"Presentkort\",\"text_align\":\"left\",\"text_align_breakpoint\":\"s\",\"text_align_fallback\":\"center\",\"title_element\":\"h2\"}},{\"name\":\"\",\"type\":\"text\",\"props\":{\"column_breakpoint\":\"m\",\"content\":\"\n\n<p>\\u00d6verraska n\\u00e5gon du tycker om med ett presentkort.<\\\/p>\\n\n\n<p>Perfekt till mors- eller farsdag, f\\u00f6delsedagar, student, julklappar, alla hj\\u00e4rtans dag eller n\\u00e4r du bara vill unna en v\\u00e4n n\\u00e5got extra.<\\\/p>\",\"margin\":\"default\",\"maxwidth\":\"xlarge\",\"text_align\":\"left\",\"text_align_breakpoint\":\"s\",\"text_align_fallback\":\"center\"}}]},{\"type\":\"column\",\"props\":{\"image_position\":\"center-center\",\"media_overlay_gradient\":\"\",\"position_sticky_breakpoint\":\"m\",\"width_medium\":\"1-2\"},\"children\":[{\"name\":\"\",\"type\":\"image\",\"props\":{\"image\":\"wp-content\\\/uploads\\\/presentkort.jpg\",\"image_box_decoration\":\"primary\",\"image_svg_color\":\"emphasis\",\"margin\":\"default\"}}]}]},{\"type\":\"row\",\"props\":{\"layout\":\"1-2,1-2\"},\"children\":[{\"type\":\"column\",\"props\":{\"image_position\":\"center-center\",\"media_overlay_gradient\":\"\",\"position_sticky_breakpoint\":\"m\",\"width_medium\":\"1-2\"},\"children\":[{\"name\":\"\",\"type\":\"image\",\"props\":{\"image\":\"wp-content\\\/uploads\\\/2019-05-02-07.05.56.jpg\",\"image_box_decoration_inverse\":false,\"image_svg_color\":\"emphasis\",\"margin\":\"default\"}},{\"name\":\"\",\"type\":\"text\",\"props\":{\"column_breakpoint\":\"m\",\"content\":\"\n\n<p><strong>Hitta hit - V\\u00e4gbeskrivning<br \\\/><\\\/strong>Fr\\u00e5n V\\u00e4xj\\u00f6: K\\u00f6r f\\u00f6rbi Sandsbro. I rondellen vid Toftastrand\\\/Villavik k\\u00f6r ca 2km mot \\u00c5seda\\\/Link\\u00f6ping v\\u00e4g 23. Sv\\u00e4ng h\\u00f6ger mot Sj\\u00f6g\\u00e5rd, k\\u00f6r f\\u00f6rbi postl\\u00e5dorna, gult hus med vita knutar p\\u00e5 h\\u00f6ger sida (nr 11).\\u00a0<\\\/p>\",\"margin\":\"default\",\"margin_remove_bottom\":true,\"maxwidth\":\"xlarge\",\"text_align\":\"left\",\"text_align_breakpoint\":\"s\",\"text_align_fallback\":\"center\"}},{\"type\":\"button\",\"props\":{\"grid_column_gap\":\"small\",\"grid_row_gap\":\"small\",\"margin\":\"remove-vertical\",\"margin_remove_top\":true,\"text_align\":\"left\",\"text_align_breakpoint\":\"s\",\"text_align_fallback\":\"center\"},\"children\":[{\"type\":\"button_item\",\"props\":{\"button_style\":\"\",\"content\":\"Karta via Google\",\"icon\":\"arrow-right\",\"icon_align\":\"right\",\"link\":\"https:\\\/\\\/www.google.com\\\/maps\\\/place\\\/SJ%C3%96G%C3%85RDSV%C3%84GEN+11,+355+92+V%C3%A4xj%C3%B6\\\/@56.934012,14.803539,12z\\\/data=!4m5!3m4!1s0x465723323069d707:0xc772154539cd0cb8!8m2!3d56.9340026!4d14.8735771\"}}]}]},{\"type\":\"column\",\"props\":{\"image_position\":\"center-center\",\"media_overlay_gradient\":\"\",\"position_sticky_breakpoint\":\"m\",\"width_medium\":\"1-2\"},\"children\":[]}]}],\"name\":\"Hitta hit\"},{\"type\":\"section\",\"props\":{\"image_position\":\"center-center\",\"padding_remove_bottom\":true,\"style\":\"default\",\"title_breakpoint\":\"xl\",\"title_position\":\"top-left\",\"title_rotation\":\"left\",\"vertical_align\":\"middle\",\"width\":\"large\"},\"children\":[{\"type\":\"row\",\"children\":[{\"type\":\"column\",\"props\":{\"image_position\":\"center-center\",\"media_overlay_gradient\":\"\",\"position_sticky_breakpoint\":\"m\",\"width_medium\":\"1-1\"},\"children\":[{\"type\":\"image\",\"props\":{\"image\":\"wp-content\\\/uploads\\\/gladafotter.png\",\"image_svg_color\":\"emphasis\",\"image_width\":\"300\",\"link\":\"https:\\\/\\\/www.dabdental.se\\\/\",\"link_target\":\"blank\",\"margin\":\"default\",\"text_align\":\"center\"}},{\"type\":\"image\",\"props\":{\"image\":\"wp-content\\\/uploads\\\/sara.jpg\",\"image_border\":\"circle\",\"image_svg_color\":\"emphasis\",\"image_width\":\"200px\",\"margin\":\"default\",\"text_align\":\"center\"}},{\"type\":\"text\",\"props\":{\"column_breakpoint\":\"m\",\"content\":\"\n\n<p><strong>Sara Robertsson<\\\/strong><br \\\/>Dipl. Medicinsk Fotterapeut<\\\/p>\\n\n\n<p>Sj\\u00f6g\\u00e5rdsv\\u00e4gen 11, 35592 V\\u00e4xj\\u00f6<br \\\/>Tidsbokning 070-3825808<br \\\/><a href=\\\"mailto:sara@fotvardvaxjo.se\\\">sara@fotvardvaxjo.se<\\\/a><br \\\/><a href=\\\"https:\\\/\\\/www.instagram.com\\\/fotvardvaxjo\\\" target=\\\"_blank\\\" rel=\\\"noopener\\\">@fotvardvaxjo.se<\\\/a><\\\/p>\",\"margin\":\"default\",\"text_align\":\"center\"}},{\"type\":\"headline\",\"props\":{\"content\":\"V\\u00e4lkommen!\",\"text_align\":\"center\",\"title_element\":\"h4\",\"title_style\":\"heading-small\"}}]}]},{\"type\":\"row\",\"children\":[{\"type\":\"column\",\"props\":{\"image_position\":\"center-center\",\"media_overlay_gradient\":\"\",\"position_sticky_breakpoint\":\"m\",\"width_medium\":\"1-1\"},\"children\":[{\"type\":\"totop\",\"props\":{\"margin\":\"default\",\"text_align\":\"center\",\"title_grid_column_gap\":\"small\",\"title_grid_row_gap\":\"small\"}}]}]},{\"type\":\"row\",\"children\":[{\"type\":\"column\",\"props\":{\"image_position\":\"center-center\",\"media_overlay_gradient\":\"\",\"position_sticky_breakpoint\":\"m\",\"width_medium\":\"1-1\"},\"children\":[{\"type\":\"text\",\"props\":{\"column_breakpoint\":\"m\",\"content\":\"\n\n<p><a style=\\\"text-decoration: none; font-size: 0.8em; color: #999;\\\" href=\\\"https:\\\/\\\/www.digitaltvisitkort.se\\\" target=\\\"_blank\\\" rel=\\\"noopener\\\">Digitalt visitkort - en tj\\u00e4nst producerad av Odd<\\\/a><\\\/p>\",\"margin\":\"default\",\"margin_remove_bottom\":true,\"text_align\":\"center\",\"text_align_breakpoint\":\"s\",\"text_align_fallback\":\"center\"}}]}]}],\"name\":\"Sidfot\"}],\"version\":\"3.0.13\"} --><\/p>\n","protected":false},"excerpt":{"rendered":"<p>V\u00e4lkommen till Glada F\u00f6tter &#8211; fotv\u00e5rd i V\u00e4xj\u00f6 F\u00f6r dig som har n\u00e5gon form av fotproblem eller vill unna dig en avkopplande behandling i min lantliga milj\u00f6 i Tofta, strax utanf\u00f6r V\u00e4xj\u00f6. L\u00e5ngt fr\u00e5n stadsstressen. V\u00e4lkommen! \/Sara V\u00e4lkommen till Glada F\u00f6tter &#8211; fotv\u00e5rd i V\u00e4xj\u00f6 F\u00f6r dig som har n\u00e5gon form av fotproblem eller vill [&hellip;]<\/p>\n","protected":false},"author":2,"featured_media":0,"parent":0,"menu_order":4,"comment_status":"closed","ping_status":"closed","template":"","meta":{"footnotes":""},"class_list":["post-25","page","type-page","status-publish","hentry"],"yoast_head":"<!-- This site is optimized with the Yoast SEO plugin v27.2 - https:\/\/yoast.com\/product\/yoast-seo-wordpress\/ -->\n<title>Glada f\u00f6tter<\/title>\n<meta name=\"description\" content=\"Ett digitalt visitkort \u00e4r en enklare variant av en hemsida. Och den hj\u00e4lper ditt f\u00f6retag att bli synligt och s\u00f6kbart p\u00e5 n\u00e4tet.\" \/>\n<meta name=\"robots\" content=\"index, follow, max-snippet:-1, max-image-preview:large, max-video-preview:-1\" \/>\n<link rel=\"canonical\" href=\"https:\/\/www.fotvardvaxjo.se\/\" \/>\n<meta property=\"og:locale\" content=\"sv_SE\" \/>\n<meta property=\"og:type\" content=\"article\" \/>\n<meta property=\"og:title\" content=\"Glada f\u00f6tter\" \/>\n<meta property=\"og:description\" content=\"Ett digitalt visitkort \u00e4r en enklare variant av en hemsida. Och den hj\u00e4lper ditt f\u00f6retag att bli synligt och s\u00f6kbart p\u00e5 n\u00e4tet.\" \/>\n<meta property=\"og:url\" content=\"https:\/\/www.fotvardvaxjo.se\/\" \/>\n<meta property=\"og:site_name\" content=\"Glada f\u00f6tter\" \/>\n<meta property=\"article:modified_time\" content=\"2026-03-23T08:53:34+00:00\" \/>\n<meta name=\"twitter:card\" content=\"summary_large_image\" \/>\n<meta name=\"twitter:label1\" content=\"Ber\u00e4knad l\u00e4stid\" \/>\n\t<meta name=\"twitter:data1\" content=\"2 minuter\" \/>\n<script type=\"application\/ld+json\" class=\"yoast-schema-graph\">{\"@context\":\"https:\/\/schema.org\",\"@graph\":[{\"@type\":\"WebPage\",\"@id\":\"https:\/\/www.fotvardvaxjo.se\/\",\"url\":\"https:\/\/www.fotvardvaxjo.se\/\",\"name\":\"Glada f\u00f6tter\",\"isPartOf\":{\"@id\":\"https:\/\/www.fotvardvaxjo.se\/#website\"},\"datePublished\":\"2019-07-07T14:10:37+00:00\",\"dateModified\":\"2026-03-23T08:53:34+00:00\",\"description\":\"Ett digitalt visitkort \u00e4r en enklare variant av en hemsida. Och den hj\u00e4lper ditt f\u00f6retag att bli synligt och s\u00f6kbart p\u00e5 n\u00e4tet.\",\"breadcrumb\":{\"@id\":\"https:\/\/www.fotvardvaxjo.se\/#breadcrumb\"},\"inLanguage\":\"sv-SE\",\"potentialAction\":[{\"@type\":\"ReadAction\",\"target\":[\"https:\/\/www.fotvardvaxjo.se\/\"]}]},{\"@type\":\"BreadcrumbList\",\"@id\":\"https:\/\/www.fotvardvaxjo.se\/#breadcrumb\",\"itemListElement\":[{\"@type\":\"ListItem\",\"position\":1,\"name\":\"Hem\",\"item\":\"https:\/\/www.fotvardvaxjo.se\/\"},{\"@type\":\"ListItem\",\"position\":2,\"name\":\"Glada f\u00f6tter\"}]},{\"@type\":\"WebSite\",\"@id\":\"https:\/\/www.fotvardvaxjo.se\/#website\",\"url\":\"https:\/\/www.fotvardvaxjo.se\/\",\"name\":\"Glada f\u00f6tter\",\"description\":\"\",\"potentialAction\":[{\"@type\":\"SearchAction\",\"target\":{\"@type\":\"EntryPoint\",\"urlTemplate\":\"https:\/\/www.fotvardvaxjo.se\/?s={search_term_string}\"},\"query-input\":{\"@type\":\"PropertyValueSpecification\",\"valueRequired\":true,\"valueName\":\"search_term_string\"}}],\"inLanguage\":\"sv-SE\"}]}<\/script>\n<!-- \/ Yoast SEO plugin. -->","yoast_head_json":{"title":"Glada f\u00f6tter","description":"Ett digitalt visitkort \u00e4r en enklare variant av en hemsida. Och den hj\u00e4lper ditt f\u00f6retag att bli synligt och s\u00f6kbart p\u00e5 n\u00e4tet.","robots":{"index":"index","follow":"follow","max-snippet":"max-snippet:-1","max-image-preview":"max-image-preview:large","max-video-preview":"max-video-preview:-1"},"canonical":"https:\/\/www.fotvardvaxjo.se\/","og_locale":"sv_SE","og_type":"article","og_title":"Glada f\u00f6tter","og_description":"Ett digitalt visitkort \u00e4r en enklare variant av en hemsida. Och den hj\u00e4lper ditt f\u00f6retag att bli synligt och s\u00f6kbart p\u00e5 n\u00e4tet.","og_url":"https:\/\/www.fotvardvaxjo.se\/","og_site_name":"Glada f\u00f6tter","article_modified_time":"2026-03-23T08:53:34+00:00","twitter_card":"summary_large_image","twitter_misc":{"Ber\u00e4knad l\u00e4stid":"2 minuter"},"schema":{"@context":"https:\/\/schema.org","@graph":[{"@type":"WebPage","@id":"https:\/\/www.fotvardvaxjo.se\/","url":"https:\/\/www.fotvardvaxjo.se\/","name":"Glada f\u00f6tter","isPartOf":{"@id":"https:\/\/www.fotvardvaxjo.se\/#website"},"datePublished":"2019-07-07T14:10:37+00:00","dateModified":"2026-03-23T08:53:34+00:00","description":"Ett digitalt visitkort \u00e4r en enklare variant av en hemsida. Och den hj\u00e4lper ditt f\u00f6retag att bli synligt och s\u00f6kbart p\u00e5 n\u00e4tet.","breadcrumb":{"@id":"https:\/\/www.fotvardvaxjo.se\/#breadcrumb"},"inLanguage":"sv-SE","potentialAction":[{"@type":"ReadAction","target":["https:\/\/www.fotvardvaxjo.se\/"]}]},{"@type":"BreadcrumbList","@id":"https:\/\/www.fotvardvaxjo.se\/#breadcrumb","itemListElement":[{"@type":"ListItem","position":1,"name":"Hem","item":"https:\/\/www.fotvardvaxjo.se\/"},{"@type":"ListItem","position":2,"name":"Glada f\u00f6tter"}]},{"@type":"WebSite","@id":"https:\/\/www.fotvardvaxjo.se\/#website","url":"https:\/\/www.fotvardvaxjo.se\/","name":"Glada f\u00f6tter","description":"","potentialAction":[{"@type":"SearchAction","target":{"@type":"EntryPoint","urlTemplate":"https:\/\/www.fotvardvaxjo.se\/?s={search_term_string}"},"query-input":{"@type":"PropertyValueSpecification","valueRequired":true,"valueName":"search_term_string"}}],"inLanguage":"sv-SE"}]}},"_links":{"self":[{"href":"https:\/\/www.fotvardvaxjo.se\/index.php?rest_route=\/wp\/v2\/pages\/25","targetHints":{"allow":["GET"]}}],"collection":[{"href":"https:\/\/www.fotvardvaxjo.se\/index.php?rest_route=\/wp\/v2\/pages"}],"about":[{"href":"https:\/\/www.fotvardvaxjo.se\/index.php?rest_route=\/wp\/v2\/types\/page"}],"author":[{"embeddable":true,"href":"https:\/\/www.fotvardvaxjo.se\/index.php?rest_route=\/wp\/v2\/users\/2"}],"replies":[{"embeddable":true,"href":"https:\/\/www.fotvardvaxjo.se\/index.php?rest_route=%2Fwp%2Fv2%2Fcomments&post=25"}],"version-history":[{"count":180,"href":"https:\/\/www.fotvardvaxjo.se\/index.php?rest_route=\/wp\/v2\/pages\/25\/revisions"}],"predecessor-version":[{"id":581,"href":"https:\/\/www.fotvardvaxjo.se\/index.php?rest_route=\/wp\/v2\/pages\/25\/revisions\/581"}],"wp:attachment":[{"href":"https:\/\/www.fotvardvaxjo.se\/index.php?rest_route=%2Fwp%2Fv2%2Fmedia&parent=25"}],"curies":[{"name":"wp","href":"https:\/\/api.w.org\/{rel}","templated":true}]}}